{"id":4112,"date":"2023-09-30T16:11:37","date_gmt":"2023-09-30T14:11:37","guid":{"rendered":"https:\/\/www.delightmorocco.com\/?page_id=4112"},"modified":"2023-11-11T15:19:11","modified_gmt":"2023-11-11T14:19:11","slug":"privacy-policy","status":"publish","type":"page","link":"https:\/\/www.delightmorocco.com\/es\/privacy-policy\/","title":{"rendered":"pol\u00edtica de privacidad"},"content":{"rendered":"<div data-elementor-type=\"wp-page\" data-elementor-id=\"4112\" class=\"elementor elementor-4112\" data-elementor-post-type=\"page\">\n\t\t\t\t<div class=\"elementor-element elementor-element-e0cde23 e-flex e-con-boxed e-con e-parent\" data-id=\"e0cde23\" data-element_type=\"container\" data-settings=\"{&quot;background_background&quot;:&quot;classic&quot;,&quot;jet_parallax_layout_list&quot;:[]}\">\n\t\t\t\t\t<div class=\"e-con-inner\">\n\t\t\t\t\t<\/div>\n\t\t\t\t<\/div>\n\t\t<div class=\"elementor-element elementor-element-5b8867f e-flex e-con-boxed e-con e-parent\" data-id=\"5b8867f\" data-element_type=\"container\" data-settings=\"{&quot;jet_parallax_layout_list&quot;:[]}\">\n\t\t\t\t\t<div class=\"e-con-inner\">\n\t\t\t\t<div class=\"elementor-element elementor-element-956aeaf elementor-widget elementor-widget-text-editor\" data-id=\"956aeaf\" data-element_type=\"widget\" data-widget_type=\"text-editor.default\">\n\t\t\t\t<div class=\"elementor-widget-container\">\n\t\t\t\t\t\t\t<p>\u00daltima actualizaci\u00f3n: 11 de noviembre de 2023<\/p><p>Esta Pol\u00edtica de Privacidad describe c\u00f3mo <strong>Deleite Marruecos<\/strong> (\u201cnosotros\u201d, \u201cnos\u201d) recopila, utiliza y protege la informaci\u00f3n personal que usted proporciona en el sitio web www.delightmorocco.com (\u201cSitio web\u201d). Al utilizar el sitio web, usted acepta las pr\u00e1cticas descritas en esta pol\u00edtica.<\/p><h2 id=\"h-information-we-collect\" class=\"wp-block-heading\">1. Informaci\u00f3n que recopilamos<\/h2><p>Podemos recopilar informaci\u00f3n personal como:<\/p><p><strong>Informaci\u00f3n del contacto:<\/strong>\u00a0Nombre, direcci\u00f3n de correo electr\u00f3nico, n\u00famero de tel\u00e9fono y direcci\u00f3n postal.<\/p><p><strong>Informaci\u00f3n de facturaci\u00f3n:<\/strong>\u00a0Detalles de pago y direcci\u00f3n de facturaci\u00f3n.<\/p><p><strong>Datos de uso del sitio web:<\/strong>\u00a0Informaci\u00f3n sobre c\u00f3mo interact\u00faa con nuestro sitio web, incluidas las p\u00e1ginas visitadas y las acciones realizadas.<\/p><p><strong>Informaci\u00f3n del proyecto del cliente<\/strong>: Informaci\u00f3n que usted proporciona al solicitar servicios o participar en proyectos con nosotros.<\/p><h2 id=\"h-how-we-use-your-information\" class=\"wp-block-heading\">2. C\u00f3mo utilizamos su informaci\u00f3n<\/h2><p>Podemos utilizar la informaci\u00f3n recopilada para fines que incluyen:<\/p><ul type=\"1\"><li>Proporcionar y mejorar nuestros servicios.<\/li><li>Respondiendo a sus consultas y solicitudes.<\/li><li>Envi\u00e1ndole actualizaciones y comunicaciones importantes.<\/li><li>Procesamiento de pagos y facturas.<\/li><li>Analizar y mejorar el rendimiento de nuestro sitio web y servicios.<\/li><li>Cumplir con las obligaciones legales.<\/li><\/ul><h2 id=\"h-data-sharing\" class=\"wp-block-heading\">3. Intercambio de datos<\/h2><p>No vendemos, comercializamos ni alquilamos su informaci\u00f3n personal a terceros. Podemos compartir su informaci\u00f3n con proveedores de servicios externos confiables que nos ayudan a operar nuestro sitio web y brindar nuestros servicios. Estos terceros est\u00e1n obligados a mantener su informaci\u00f3n confidencial y segura.<\/p><h2 id=\"h-cookies-and-tracking-technologies\" class=\"wp-block-heading\">4. Cookies y tecnolog\u00edas de seguimiento<\/h2><p>Nuestro sitio web puede utilizar cookies y tecnolog\u00edas de seguimiento similares para mejorar su experiencia. Puede ajustar la configuraci\u00f3n de su navegador para rechazar las cookies, pero esto puede afectar su capacidad para acceder a ciertas funciones de nuestro sitio web.<\/p><h2 id=\"h-security\" class=\"wp-block-heading\">5. Seguridad<\/h2><p>Tomamos medidas razonables para proteger su informaci\u00f3n personal contra acceso no autorizado, p\u00e9rdida, uso indebido o alteraci\u00f3n. Sin embargo, ninguna transmisi\u00f3n de datos a trav\u00e9s de Internet o almacenamiento electr\u00f3nico es completamente segura.<\/p><h2 id=\"h-your-choices\" class=\"wp-block-heading\">6. Tus elecciones<\/h2><p>Puede acceder, actualizar o eliminar su informaci\u00f3n personal contact\u00e1ndonos en <a href=\"mailto:contact@delightmorocco.com\">contact@delightmorocco.com<\/a>. Tambi\u00e9n puede optar por no recibir comunicaciones de marketing.<\/p><h2 id=\"h-children-s-privacy\" class=\"wp-block-heading\">7. Privacidad de los ni\u00f1os<\/h2><p>Nuestros servicios no est\u00e1n dirigidos a personas menores de 13 a\u00f1os. No recopilamos conscientemente informaci\u00f3n personal de ni\u00f1os. Si cree que hemos recopilado informaci\u00f3n de un ni\u00f1o, comun\u00edquese con nosotros para eliminarla.<\/p><h2 id=\"h-changes-to-this-privacy-policy\" class=\"wp-block-heading\">8. Cambios a esta Pol\u00edtica de Privacidad<\/h2><p>Podemos actualizar esta Pol\u00edtica de Privacidad de vez en cuando. La versi\u00f3n actualizada se publicar\u00e1 en nuestro sitio web con la fecha de vigencia.<\/p><h2 id=\"h-contact-us\" class=\"wp-block-heading\">9. Cont\u00e1ctenos<\/h2><p>Si tiene alguna pregunta sobre esta Pol\u00edtica de Privacidad, por favor cont\u00e1ctenos en <a href=\"mailto:contact@delightmorocco.com\">contact@delightmorocco.com<\/a> o env\u00ede el formulario de contacto a <a href=\"https:\/\/www.delightmorocco.com\/es\/contact\/\">este<\/a>\u00a0p\u00e1gina.<\/p><p>Al utilizar nuestros servicios, usted acepta los t\u00e9rminos descritos en esta Pol\u00edtica de Privacidad. Si no est\u00e1 de acuerdo con esta pol\u00edtica, no utilice nuestros servicios.<\/p>\t\t\t\t\t\t<\/div>\n\t\t\t\t<\/div>\n\t\t\t\t\t<\/div>\n\t\t\t\t<\/div>\n\t\t\t\t<\/div>","protected":false},"excerpt":{"rendered":"<p>Last Updated: November 11, 2023 This Privacy Policy describes how Delight Morocco (\u201cwe\u201d, \u201cus\u201d) collects, uses, and safeguards the personal information you provide on the www.delightmorocco.com website (\u201cWebsite\u201d). By using the Website, you consent to the practices described in this policy. 1. Information We Collect We may collect personal information such as: Contact Information:\u00a0Name, email [&hellip;]<\/p>","protected":false},"author":1,"featured_media":0,"parent":0,"menu_order":0,"comment_status":"closed","ping_status":"closed","template":"","meta":{"_acf_changed":false,"footnotes":""},"class_list":["post-4112","page","type-page","status-publish","hentry"],"acf":[],"yoast_head":"<!-- This site is optimized with the Yoast SEO Premium plugin v21.5 (Yoast SEO v23.6) - https:\/\/yoast.com\/wordpress\/plugins\/seo\/ -->\n<title>Privacy Policy - Delight Morocco<\/title>\n<meta name=\"description\" content=\"This Privacy Policy describes how Delight Morocco collects, uses, and safeguards the personal information you provide on our website.\" \/>\n<meta name=\"robots\" content=\"index, follow, max-snippet:-1, max-image-preview:large, max-video-preview:-1\" \/>\n<link rel=\"canonical\" href=\"https:\/\/www.delightmorocco.com\/es\/privacy-policy\/\" \/>\n<meta property=\"og:locale\" content=\"es_ES\" \/>\n<meta property=\"og:type\" content=\"article\" \/>\n<meta property=\"og:title\" content=\"Privacy Policy\" \/>\n<meta property=\"og:description\" content=\"This Privacy Policy describes how Delight Morocco collects, uses, and safeguards the personal information you provide on our website.\" \/>\n<meta property=\"og:url\" content=\"https:\/\/www.delightmorocco.com\/es\/privacy-policy\/\" \/>\n<meta property=\"og:site_name\" content=\"Delight Morocco\" \/>\n<meta property=\"article:publisher\" content=\"https:\/\/www.facebook.com\/DelightMorocco\" \/>\n<meta property=\"article:modified_time\" content=\"2023-11-11T14:19:11+00:00\" \/>\n<meta name=\"twitter:card\" content=\"summary_large_image\" \/>\n<meta name=\"twitter:site\" content=\"@delightmorocco\" \/>\n<meta name=\"twitter:label1\" content=\"Tiempo de lectura\" \/>\n\t<meta name=\"twitter:data1\" content=\"2 minutos\" \/>\n<script type=\"application\/ld+json\" class=\"yoast-schema-graph\">{\"@context\":\"https:\/\/schema.org\",\"@graph\":[{\"@type\":\"WebPage\",\"@id\":\"https:\/\/www.delightmorocco.com\/privacy-policy\/\",\"url\":\"https:\/\/www.delightmorocco.com\/privacy-policy\/\",\"name\":\"Privacy Policy - Delight Morocco\",\"isPartOf\":{\"@id\":\"https:\/\/www.delightmorocco.com\/#website\"},\"datePublished\":\"2023-09-30T14:11:37+00:00\",\"dateModified\":\"2023-11-11T14:19:11+00:00\",\"description\":\"This Privacy Policy describes how Delight Morocco collects, uses, and safeguards the personal information you provide on our website.\",\"breadcrumb\":{\"@id\":\"https:\/\/www.delightmorocco.com\/privacy-policy\/#breadcrumb\"},\"inLanguage\":\"es\",\"potentialAction\":[{\"@type\":\"ReadAction\",\"target\":[\"https:\/\/www.delightmorocco.com\/privacy-policy\/\"]}]},{\"@type\":\"BreadcrumbList\",\"@id\":\"https:\/\/www.delightmorocco.com\/privacy-policy\/#breadcrumb\",\"itemListElement\":[{\"@type\":\"ListItem\",\"position\":1,\"name\":\"Home\",\"item\":\"https:\/\/www.delightmorocco.com\/\"},{\"@type\":\"ListItem\",\"position\":2,\"name\":\"Privacy Policy\"}]},{\"@type\":\"WebSite\",\"@id\":\"https:\/\/www.delightmorocco.com\/#website\",\"url\":\"https:\/\/www.delightmorocco.com\/\",\"name\":\"Delight Morocco\",\"description\":\"Your Local Destination Management Company\",\"publisher\":{\"@id\":\"https:\/\/www.delightmorocco.com\/#organization\"},\"alternateName\":\"DM\",\"potentialAction\":[{\"@type\":\"SearchAction\",\"target\":{\"@type\":\"EntryPoint\",\"urlTemplate\":\"https:\/\/www.delightmorocco.com\/?s={search_term_string}\"},\"query-input\":{\"@type\":\"PropertyValueSpecification\",\"valueRequired\":true,\"valueName\":\"search_term_string\"}}],\"inLanguage\":\"es\"},{\"@type\":\"Organization\",\"@id\":\"https:\/\/www.delightmorocco.com\/#organization\",\"name\":\"Delight Morocco Wonders\",\"alternateName\":\"DM\",\"url\":\"https:\/\/www.delightmorocco.com\/\",\"logo\":{\"@type\":\"ImageObject\",\"inLanguage\":\"es\",\"@id\":\"https:\/\/www.delightmorocco.com\/#\/schema\/logo\/image\/\",\"url\":\"https:\/\/www.delightmorocco.com\/wp-content\/uploads\/2023\/10\/DM-LOGO-SVG-FORM-a-17.16.39.svg\",\"contentUrl\":\"https:\/\/www.delightmorocco.com\/wp-content\/uploads\/2023\/10\/DM-LOGO-SVG-FORM-a-17.16.39.svg\",\"width\":1696,\"height\":606,\"caption\":\"Delight Morocco Wonders\"},\"image\":{\"@id\":\"https:\/\/www.delightmorocco.com\/#\/schema\/logo\/image\/\"},\"sameAs\":[\"https:\/\/www.facebook.com\/DelightMorocco\",\"https:\/\/x.com\/delightmorocco\"]}]}<\/script>\n<!-- \/ Yoast SEO Premium plugin. -->","yoast_head_json":{"title":"Privacy Policy - Delight Morocco","description":"This Privacy Policy describes how Delight Morocco collects, uses, and safeguards the personal information you provide on our website.","robots":{"index":"index","follow":"follow","max-snippet":"max-snippet:-1","max-image-preview":"max-image-preview:large","max-video-preview":"max-video-preview:-1"},"canonical":"https:\/\/www.delightmorocco.com\/es\/privacy-policy\/","og_locale":"es_ES","og_type":"article","og_title":"Privacy Policy","og_description":"This Privacy Policy describes how Delight Morocco collects, uses, and safeguards the personal information you provide on our website.","og_url":"https:\/\/www.delightmorocco.com\/es\/privacy-policy\/","og_site_name":"Delight Morocco","article_publisher":"https:\/\/www.facebook.com\/DelightMorocco","article_modified_time":"2023-11-11T14:19:11+00:00","twitter_card":"summary_large_image","twitter_site":"@delightmorocco","twitter_misc":{"Tiempo de lectura":"2 minutos"},"schema":{"@context":"https:\/\/schema.org","@graph":[{"@type":"WebPage","@id":"https:\/\/www.delightmorocco.com\/privacy-policy\/","url":"https:\/\/www.delightmorocco.com\/privacy-policy\/","name":"Privacy Policy - Delight Morocco","isPartOf":{"@id":"https:\/\/www.delightmorocco.com\/#website"},"datePublished":"2023-09-30T14:11:37+00:00","dateModified":"2023-11-11T14:19:11+00:00","description":"This Privacy Policy describes how Delight Morocco collects, uses, and safeguards the personal information you provide on our website.","breadcrumb":{"@id":"https:\/\/www.delightmorocco.com\/privacy-policy\/#breadcrumb"},"inLanguage":"es","potentialAction":[{"@type":"ReadAction","target":["https:\/\/www.delightmorocco.com\/privacy-policy\/"]}]},{"@type":"BreadcrumbList","@id":"https:\/\/www.delightmorocco.com\/privacy-policy\/#breadcrumb","itemListElement":[{"@type":"ListItem","position":1,"name":"Home","item":"https:\/\/www.delightmorocco.com\/"},{"@type":"ListItem","position":2,"name":"Privacy Policy"}]},{"@type":"WebSite","@id":"https:\/\/www.delightmorocco.com\/#website","url":"https:\/\/www.delightmorocco.com\/","name":"Delight Morocco","description":"Your Local Destination Management Company","publisher":{"@id":"https:\/\/www.delightmorocco.com\/#organization"},"alternateName":"DM","potentialAction":[{"@type":"SearchAction","target":{"@type":"EntryPoint","urlTemplate":"https:\/\/www.delightmorocco.com\/?s={search_term_string}"},"query-input":{"@type":"PropertyValueSpecification","valueRequired":true,"valueName":"search_term_string"}}],"inLanguage":"es"},{"@type":"Organization","@id":"https:\/\/www.delightmorocco.com\/#organization","name":"Delight Morocco Wonders","alternateName":"DM","url":"https:\/\/www.delightmorocco.com\/","logo":{"@type":"ImageObject","inLanguage":"es","@id":"https:\/\/www.delightmorocco.com\/#\/schema\/logo\/image\/","url":"https:\/\/www.delightmorocco.com\/wp-content\/uploads\/2023\/10\/DM-LOGO-SVG-FORM-a-17.16.39.svg","contentUrl":"https:\/\/www.delightmorocco.com\/wp-content\/uploads\/2023\/10\/DM-LOGO-SVG-FORM-a-17.16.39.svg","width":1696,"height":606,"caption":"Delight Morocco Wonders"},"image":{"@id":"https:\/\/www.delightmorocco.com\/#\/schema\/logo\/image\/"},"sameAs":["https:\/\/www.facebook.com\/DelightMorocco","https:\/\/x.com\/delightmorocco"]}]}},"_links":{"self":[{"href":"https:\/\/www.delightmorocco.com\/es\/wp-json\/wp\/v2\/pages\/4112","targetHints":{"allow":["GET"]}}],"collection":[{"href":"https:\/\/www.delightmorocco.com\/es\/wp-json\/wp\/v2\/pages"}],"about":[{"href":"https:\/\/www.delightmorocco.com\/es\/wp-json\/wp\/v2\/types\/page"}],"author":[{"embeddable":true,"href":"https:\/\/www.delightmorocco.com\/es\/wp-json\/wp\/v2\/users\/1"}],"replies":[{"embeddable":true,"href":"https:\/\/www.delightmorocco.com\/es\/wp-json\/wp\/v2\/comments?post=4112"}],"version-history":[{"count":0,"href":"https:\/\/www.delightmorocco.com\/es\/wp-json\/wp\/v2\/pages\/4112\/revisions"}],"wp:attachment":[{"href":"https:\/\/www.delightmorocco.com\/es\/wp-json\/wp\/v2\/media?parent=4112"}],"curies":[{"name":"wp","href":"https:\/\/api.w.org\/{rel}","templated":true}]}}