{"id":4112,"date":"2023-09-30T16:11:37","date_gmt":"2023-09-30T14:11:37","guid":{"rendered":"https:\/\/www.delightmorocco.com\/?page_id=4112"},"modified":"2023-11-11T15:19:11","modified_gmt":"2023-11-11T14:19:11","slug":"privacy-policy","status":"publish","type":"page","link":"https:\/\/www.delightmorocco.com\/de\/privacy-policy\/","title":{"rendered":"Datenschutzrichtlinie"},"content":{"rendered":"<div data-elementor-type=\"wp-page\" data-elementor-id=\"4112\" class=\"elementor elementor-4112\" data-elementor-post-type=\"page\">\n\t\t\t\t<div class=\"elementor-element elementor-element-e0cde23 e-flex e-con-boxed e-con e-parent\" data-id=\"e0cde23\" data-element_type=\"container\" data-settings=\"{&quot;background_background&quot;:&quot;classic&quot;,&quot;jet_parallax_layout_list&quot;:[]}\">\n\t\t\t\t\t<div class=\"e-con-inner\">\n\t\t\t\t\t<\/div>\n\t\t\t\t<\/div>\n\t\t<div class=\"elementor-element elementor-element-5b8867f e-flex e-con-boxed e-con e-parent\" data-id=\"5b8867f\" data-element_type=\"container\" data-settings=\"{&quot;jet_parallax_layout_list&quot;:[]}\">\n\t\t\t\t\t<div class=\"e-con-inner\">\n\t\t\t\t<div class=\"elementor-element elementor-element-956aeaf elementor-widget elementor-widget-text-editor\" data-id=\"956aeaf\" data-element_type=\"widget\" data-widget_type=\"text-editor.default\">\n\t\t\t\t<div class=\"elementor-widget-container\">\n\t\t\t\t\t\t\t<p>Letzte Aktualisierung: 11. November 2023<\/p><p>Diese Datenschutzrichtlinie beschreibt, wie <strong>Erfreuen Sie Marokko<\/strong> (\u201ewir\u201c, \u201euns\u201c) erhebt, nutzt und sch\u00fctzt die pers\u00f6nlichen Daten, die Sie auf der Website www.delightmorocco.com (\u201eWebsite\u201c) bereitstellen. Durch die Nutzung der Website stimmen Sie den in dieser Richtlinie beschriebenen Praktiken zu.<\/p><h2 id=\"h-information-we-collect\" class=\"wp-block-heading\">1. Informationen, die wir sammeln<\/h2><p>Wir k\u00f6nnen personenbezogene Daten sammeln wie:<\/p><p><strong>Kontaktinformationen:<\/strong>\u00a0Name, E-Mail-Adresse, Telefonnummer und Postanschrift.<\/p><p><strong>Abrechnungsdaten:<\/strong>\u00a0Zahlungsdetails und Rechnungsadresse.<\/p><p><strong>Website-Nutzungsdaten:<\/strong>\u00a0Informationen dar\u00fcber, wie Sie mit unserer Website interagieren, einschlie\u00dflich besuchter Seiten und durchgef\u00fchrter Aktionen.<\/p><p><strong>Informationen zum Kundenprojekt<\/strong>: Informationen, die Sie bereitstellen, wenn Sie Dienstleistungen anfordern oder sich an Projekten mit uns beteiligen.<\/p><h2 id=\"h-how-we-use-your-information\" class=\"wp-block-heading\">2. Wie wir Ihre Daten verwenden<\/h2><p>Wir k\u00f6nnen die gesammelten Informationen zu folgenden Zwecken verwenden:<\/p><ul type=\"1\"><li>Bereitstellung und Verbesserung unserer Dienstleistungen.<\/li><li>Beantwortung Ihrer Anfragen und W\u00fcnsche.<\/li><li>Wir senden Ihnen wichtige Updates und Mitteilungen.<\/li><li>Bearbeitung von Zahlungen und Rechnungen.<\/li><li>Analyse und Verbesserung der Leistung unserer Website und Dienste.<\/li><li>Einhaltung gesetzlicher Verpflichtungen.<\/li><\/ul><h2 id=\"h-data-sharing\" class=\"wp-block-heading\">3. Datenaustausch<\/h2><p>Wir verkaufen, handeln oder vermieten Ihre pers\u00f6nlichen Daten nicht an Dritte. Wir geben Ihre Daten m\u00f6glicherweise an vertrauensw\u00fcrdige Drittanbieter weiter, die uns beim Betrieb unserer Website und der Bereitstellung unserer Dienste unterst\u00fctzen. Diese Dritten sind verpflichtet, Ihre Daten vertraulich und sicher zu behandeln.<\/p><h2 id=\"h-cookies-and-tracking-technologies\" class=\"wp-block-heading\">4. Cookies und Tracking-Technologien<\/h2><p>Unsere Website verwendet m\u00f6glicherweise Cookies und \u00e4hnliche Tracking-Technologien, um Ihr Erlebnis zu verbessern. Sie k\u00f6nnen Ihre Browsereinstellungen so anpassen, dass Cookies abgelehnt werden. Dies kann jedoch Auswirkungen auf den Zugriff auf bestimmte Funktionen unserer Website haben.<\/p><h2 id=\"h-security\" class=\"wp-block-heading\">5. Sicherheit<\/h2><p>Wir ergreifen angemessene Ma\u00dfnahmen, um Ihre pers\u00f6nlichen Daten vor unbefugtem Zugriff, Verlust, Missbrauch oder \u00c4nderung zu sch\u00fctzen. Allerdings ist keine Daten\u00fcbertragung \u00fcber das Internet oder elektronische Speicherung v\u00f6llig sicher.<\/p><h2 id=\"h-your-choices\" class=\"wp-block-heading\">6. Ihre Entscheidungen<\/h2><p>Sie k\u00f6nnen auf Ihre pers\u00f6nlichen Daten zugreifen, sie aktualisieren oder l\u00f6schen, indem Sie uns unter kontaktieren <a href=\"mailto:contact@delightmorocco.com\">contact@delightmorocco.com<\/a>. Sie k\u00f6nnen den Erhalt von Marketingmitteilungen auch abbestellen.<\/p><h2 id=\"h-children-s-privacy\" class=\"wp-block-heading\">7. Privatsph\u00e4re von Kindern<\/h2><p>Unsere Dienste richten sich nicht an Personen unter 13 Jahren. Wir erfassen wissentlich keine personenbezogenen Daten von Kindern. Wenn Sie glauben, dass wir Informationen von einem Kind gesammelt haben, kontaktieren Sie uns bitte, damit diese entfernt werden.<\/p><h2 id=\"h-changes-to-this-privacy-policy\" class=\"wp-block-heading\">8. \u00c4nderungen dieser Datenschutzrichtlinie<\/h2><p>Wir k\u00f6nnen diese Datenschutzrichtlinie von Zeit zu Zeit aktualisieren. Die aktualisierte Version wird mit dem Datum des Inkrafttretens auf unserer Website ver\u00f6ffentlicht.<\/p><h2 id=\"h-contact-us\" class=\"wp-block-heading\">9. Kontaktieren Sie uns<\/h2><p>Wenn Sie Fragen zu dieser Datenschutzrichtlinie haben, kontaktieren Sie uns bitte unter <a href=\"mailto:contact@delightmorocco.com\">contact@delightmorocco.com<\/a> oder senden Sie das Kontaktformular an <a href=\"https:\/\/www.delightmorocco.com\/de\/contact\/\">Das<\/a>\u00a0Seite.<\/p><p>Durch die Nutzung unserer Dienste stimmen Sie den in dieser Datenschutzrichtlinie dargelegten Bedingungen zu. Wenn Sie mit dieser Richtlinie nicht einverstanden sind, nutzen Sie unsere Dienste bitte nicht.<\/p>\t\t\t\t\t\t<\/div>\n\t\t\t\t<\/div>\n\t\t\t\t\t<\/div>\n\t\t\t\t<\/div>\n\t\t\t\t<\/div>","protected":false},"excerpt":{"rendered":"<p>Last Updated: November 11, 2023 This Privacy Policy describes how Delight Morocco (\u201cwe\u201d, \u201cus\u201d) collects, uses, and safeguards the personal information you provide on the www.delightmorocco.com website (\u201cWebsite\u201d). By using the Website, you consent to the practices described in this policy. 1. Information We Collect We may collect personal information such as: Contact Information:\u00a0Name, email [&hellip;]<\/p>","protected":false},"author":1,"featured_media":0,"parent":0,"menu_order":0,"comment_status":"closed","ping_status":"closed","template":"","meta":{"_acf_changed":false,"footnotes":""},"class_list":["post-4112","page","type-page","status-publish","hentry"],"acf":[],"yoast_head":"<!-- This site is optimized with the Yoast SEO Premium plugin v21.5 (Yoast SEO v23.6) - https:\/\/yoast.com\/wordpress\/plugins\/seo\/ -->\n<title>Privacy Policy - Delight Morocco<\/title>\n<meta name=\"description\" content=\"This Privacy Policy describes how Delight Morocco collects, uses, and safeguards the personal information you provide on our website.\" \/>\n<meta name=\"robots\" content=\"index, follow, max-snippet:-1, max-image-preview:large, max-video-preview:-1\" \/>\n<link rel=\"canonical\" href=\"https:\/\/www.delightmorocco.com\/de\/privacy-policy\/\" \/>\n<meta property=\"og:locale\" content=\"de_DE\" \/>\n<meta property=\"og:type\" content=\"article\" \/>\n<meta property=\"og:title\" content=\"Privacy Policy\" \/>\n<meta property=\"og:description\" content=\"This Privacy Policy describes how Delight Morocco collects, uses, and safeguards the personal information you provide on our website.\" \/>\n<meta property=\"og:url\" content=\"https:\/\/www.delightmorocco.com\/de\/privacy-policy\/\" \/>\n<meta property=\"og:site_name\" content=\"Delight Morocco\" \/>\n<meta property=\"article:publisher\" content=\"https:\/\/www.facebook.com\/DelightMorocco\" \/>\n<meta property=\"article:modified_time\" content=\"2023-11-11T14:19:11+00:00\" \/>\n<meta name=\"twitter:card\" content=\"summary_large_image\" \/>\n<meta name=\"twitter:site\" content=\"@delightmorocco\" \/>\n<meta name=\"twitter:label1\" content=\"Gesch\u00e4tzte Lesezeit\" \/>\n\t<meta name=\"twitter:data1\" content=\"2\u00a0Minuten\" \/>\n<script type=\"application\/ld+json\" class=\"yoast-schema-graph\">{\"@context\":\"https:\/\/schema.org\",\"@graph\":[{\"@type\":\"WebPage\",\"@id\":\"https:\/\/www.delightmorocco.com\/privacy-policy\/\",\"url\":\"https:\/\/www.delightmorocco.com\/privacy-policy\/\",\"name\":\"Privacy Policy - Delight Morocco\",\"isPartOf\":{\"@id\":\"https:\/\/www.delightmorocco.com\/#website\"},\"datePublished\":\"2023-09-30T14:11:37+00:00\",\"dateModified\":\"2023-11-11T14:19:11+00:00\",\"description\":\"This Privacy Policy describes how Delight Morocco collects, uses, and safeguards the personal information you provide on our website.\",\"breadcrumb\":{\"@id\":\"https:\/\/www.delightmorocco.com\/privacy-policy\/#breadcrumb\"},\"inLanguage\":\"de\",\"potentialAction\":[{\"@type\":\"ReadAction\",\"target\":[\"https:\/\/www.delightmorocco.com\/privacy-policy\/\"]}]},{\"@type\":\"BreadcrumbList\",\"@id\":\"https:\/\/www.delightmorocco.com\/privacy-policy\/#breadcrumb\",\"itemListElement\":[{\"@type\":\"ListItem\",\"position\":1,\"name\":\"Home\",\"item\":\"https:\/\/www.delightmorocco.com\/\"},{\"@type\":\"ListItem\",\"position\":2,\"name\":\"Privacy Policy\"}]},{\"@type\":\"WebSite\",\"@id\":\"https:\/\/www.delightmorocco.com\/#website\",\"url\":\"https:\/\/www.delightmorocco.com\/\",\"name\":\"Delight Morocco\",\"description\":\"Your Local Destination Management Company\",\"publisher\":{\"@id\":\"https:\/\/www.delightmorocco.com\/#organization\"},\"alternateName\":\"DM\",\"potentialAction\":[{\"@type\":\"SearchAction\",\"target\":{\"@type\":\"EntryPoint\",\"urlTemplate\":\"https:\/\/www.delightmorocco.com\/?s={search_term_string}\"},\"query-input\":{\"@type\":\"PropertyValueSpecification\",\"valueRequired\":true,\"valueName\":\"search_term_string\"}}],\"inLanguage\":\"de\"},{\"@type\":\"Organization\",\"@id\":\"https:\/\/www.delightmorocco.com\/#organization\",\"name\":\"Delight Morocco Wonders\",\"alternateName\":\"DM\",\"url\":\"https:\/\/www.delightmorocco.com\/\",\"logo\":{\"@type\":\"ImageObject\",\"inLanguage\":\"de\",\"@id\":\"https:\/\/www.delightmorocco.com\/#\/schema\/logo\/image\/\",\"url\":\"https:\/\/www.delightmorocco.com\/wp-content\/uploads\/2023\/10\/DM-LOGO-SVG-FORM-a-17.16.39.svg\",\"contentUrl\":\"https:\/\/www.delightmorocco.com\/wp-content\/uploads\/2023\/10\/DM-LOGO-SVG-FORM-a-17.16.39.svg\",\"width\":1696,\"height\":606,\"caption\":\"Delight Morocco Wonders\"},\"image\":{\"@id\":\"https:\/\/www.delightmorocco.com\/#\/schema\/logo\/image\/\"},\"sameAs\":[\"https:\/\/www.facebook.com\/DelightMorocco\",\"https:\/\/x.com\/delightmorocco\"]}]}<\/script>\n<!-- \/ Yoast SEO Premium plugin. -->","yoast_head_json":{"title":"Privacy Policy - Delight Morocco","description":"This Privacy Policy describes how Delight Morocco collects, uses, and safeguards the personal information you provide on our website.","robots":{"index":"index","follow":"follow","max-snippet":"max-snippet:-1","max-image-preview":"max-image-preview:large","max-video-preview":"max-video-preview:-1"},"canonical":"https:\/\/www.delightmorocco.com\/de\/privacy-policy\/","og_locale":"de_DE","og_type":"article","og_title":"Privacy Policy","og_description":"This Privacy Policy describes how Delight Morocco collects, uses, and safeguards the personal information you provide on our website.","og_url":"https:\/\/www.delightmorocco.com\/de\/privacy-policy\/","og_site_name":"Delight Morocco","article_publisher":"https:\/\/www.facebook.com\/DelightMorocco","article_modified_time":"2023-11-11T14:19:11+00:00","twitter_card":"summary_large_image","twitter_site":"@delightmorocco","twitter_misc":{"Gesch\u00e4tzte Lesezeit":"2\u00a0Minuten"},"schema":{"@context":"https:\/\/schema.org","@graph":[{"@type":"WebPage","@id":"https:\/\/www.delightmorocco.com\/privacy-policy\/","url":"https:\/\/www.delightmorocco.com\/privacy-policy\/","name":"Privacy Policy - Delight Morocco","isPartOf":{"@id":"https:\/\/www.delightmorocco.com\/#website"},"datePublished":"2023-09-30T14:11:37+00:00","dateModified":"2023-11-11T14:19:11+00:00","description":"This Privacy Policy describes how Delight Morocco collects, uses, and safeguards the personal information you provide on our website.","breadcrumb":{"@id":"https:\/\/www.delightmorocco.com\/privacy-policy\/#breadcrumb"},"inLanguage":"de","potentialAction":[{"@type":"ReadAction","target":["https:\/\/www.delightmorocco.com\/privacy-policy\/"]}]},{"@type":"BreadcrumbList","@id":"https:\/\/www.delightmorocco.com\/privacy-policy\/#breadcrumb","itemListElement":[{"@type":"ListItem","position":1,"name":"Home","item":"https:\/\/www.delightmorocco.com\/"},{"@type":"ListItem","position":2,"name":"Privacy Policy"}]},{"@type":"WebSite","@id":"https:\/\/www.delightmorocco.com\/#website","url":"https:\/\/www.delightmorocco.com\/","name":"Delight Morocco","description":"Your Local Destination Management Company","publisher":{"@id":"https:\/\/www.delightmorocco.com\/#organization"},"alternateName":"DM","potentialAction":[{"@type":"SearchAction","target":{"@type":"EntryPoint","urlTemplate":"https:\/\/www.delightmorocco.com\/?s={search_term_string}"},"query-input":{"@type":"PropertyValueSpecification","valueRequired":true,"valueName":"search_term_string"}}],"inLanguage":"de"},{"@type":"Organization","@id":"https:\/\/www.delightmorocco.com\/#organization","name":"Delight Morocco Wonders","alternateName":"DM","url":"https:\/\/www.delightmorocco.com\/","logo":{"@type":"ImageObject","inLanguage":"de","@id":"https:\/\/www.delightmorocco.com\/#\/schema\/logo\/image\/","url":"https:\/\/www.delightmorocco.com\/wp-content\/uploads\/2023\/10\/DM-LOGO-SVG-FORM-a-17.16.39.svg","contentUrl":"https:\/\/www.delightmorocco.com\/wp-content\/uploads\/2023\/10\/DM-LOGO-SVG-FORM-a-17.16.39.svg","width":1696,"height":606,"caption":"Delight Morocco Wonders"},"image":{"@id":"https:\/\/www.delightmorocco.com\/#\/schema\/logo\/image\/"},"sameAs":["https:\/\/www.facebook.com\/DelightMorocco","https:\/\/x.com\/delightmorocco"]}]}},"_links":{"self":[{"href":"https:\/\/www.delightmorocco.com\/de\/wp-json\/wp\/v2\/pages\/4112","targetHints":{"allow":["GET"]}}],"collection":[{"href":"https:\/\/www.delightmorocco.com\/de\/wp-json\/wp\/v2\/pages"}],"about":[{"href":"https:\/\/www.delightmorocco.com\/de\/wp-json\/wp\/v2\/types\/page"}],"author":[{"embeddable":true,"href":"https:\/\/www.delightmorocco.com\/de\/wp-json\/wp\/v2\/users\/1"}],"replies":[{"embeddable":true,"href":"https:\/\/www.delightmorocco.com\/de\/wp-json\/wp\/v2\/comments?post=4112"}],"version-history":[{"count":0,"href":"https:\/\/www.delightmorocco.com\/de\/wp-json\/wp\/v2\/pages\/4112\/revisions"}],"wp:attachment":[{"href":"https:\/\/www.delightmorocco.com\/de\/wp-json\/wp\/v2\/media?parent=4112"}],"curies":[{"name":"wp","href":"https:\/\/api.w.org\/{rel}","templated":true}]}}